{"id":1928,"date":"2022-04-04T13:48:59","date_gmt":"2022-04-04T11:48:59","guid":{"rendered":"http:\/\/regina.fullcircle.es\/?page_id=1928"},"modified":"2024-03-11T12:18:09","modified_gmt":"2024-03-11T11:18:09","slug":"politica-de-cookies-2","status":"publish","type":"page","link":"https:\/\/www.hotelreginamadrid.com\/en\/cookies-policy\/","title":{"rendered":"Cookie policy"},"content":{"rendered":"<h2 class=\"wp-block-heading\">What are the cookies?<\/h2>\n\n\n\n<p>Cookies are a tool that we use (us and any person\/company that operates on the Internet) for advertising purposes. But that is only one of the reasons for using cookies, which are generally quite clever.<\/p>\n\n\n\n<p>Las cookies ayudan a que <a href=\"https:\/\/www.hotelreginamadrid.com\/\" data-type=\"URL\" data-id=\"https:\/\/www.hotelreginamadrid.com\/\">hotelreginamadrid.com<\/a> funcione mejor, adem\u00e1s de resultar muy \u00fatiles para facilitar, desde un segundo plano, la experiencia de ser cliente de <a href=\"https:\/\/www.hotelreginamadrid.com\/\" data-type=\"URL\" data-id=\"https:\/\/www.hotelreginamadrid.com\/\">hotelreginamadrid.com<\/a>.<\/p>\n\n\n\n<p>Hay cookies que recopilan informaci\u00f3n sobre el uso que hacen de <a href=\"https:\/\/www.hotelreginamadrid.com\/\" data-type=\"URL\" data-id=\"https:\/\/www.hotelreginamadrid.com\/\">hotelreginamadrid.com<\/a> las personas que visitan la web, como, por ejemplo, qu\u00e9 p\u00e1ginas reciben m\u00e1s visitas o si estas generan mensajes de error. Estas cookies no recopilan informaci\u00f3n que permita identificar a los visitantes. Toda la informaci\u00f3n recopilada por estas cookies se agrega y utiliza para mejorar el funcionamiento de fullcircle.es.<\/p>\n\n\n\n<p>Tambi\u00e9n hay cookies que permiten a <a href=\"https:\/\/www.hotelreginamadrid.com\/\" data-type=\"URL\" data-id=\"https:\/\/www.hotelreginamadrid.com\/\">hotelreginamadrid.com<\/a> recordar tu selecci\u00f3n de opciones (idioma o la regi\u00f3n en la que te encuentras) y personalizar las funciones que te ofrece.<\/p>\n\n\n\n<p>La informaci\u00f3n que HOTEL REGINA recaba de cookies es de dos tipos:<\/p>\n\n\n\n<ul class=\"wp-block-list\">\n<li>Cookies estrictamente necesarias para prestar un servicio o contenido solicitado por el usuario registrado. \u00c9stas tienen como finalidad recordar identificaciones de registros; preferencias de herramientas en la utilizaci\u00f3n de contenidos; inter-actuaci\u00f3n con los contenidos; localizaci\u00f3n de acceso a los contenidos. Este tipo de cookies pueden tener una duraci\u00f3n determinada: caducidad inminente; caducidad al finalizar sesi\u00f3n; caducidad temporal.<\/li>\n\n\n\n<li>Cookies estrictamente no necesarias para prestar servicios, como por ejemplo, publicidad de terceros; informaci\u00f3n de resultados; h\u00e1bitos de navegaci\u00f3n; mejora de rendimientos. Este tipo de cookies se caracterizan por obtener informaci\u00f3n con las siguientes finalidades: gestionar los espacios publicitarios; conocer los h\u00e1bitos de navegaci\u00f3n -publicidad comportamental-; analizar y medir resultados. Al igual que, las precedentes, \u00e9ste tipo de cookies pueden tener una caducidad variable: inminente, diaria o un \u00e1mbito de tiempo mayor.<\/li>\n<\/ul>\n\n\n\n<h2 class=\"wp-block-heading\">Cookies propias<\/h2>\n\n\n\n<p>Te informamos que esta p\u00e1gina web recaba cookies propias necesarias.<\/p>\n\n\n\n<figure class=\"wp-block-table\"><table><tbody><tr><th>Nombre de la cookie<\/th><th>Titular<\/th><th>Finalidad<\/th><th>Temporalidad<\/th><th>Pol\u00edtica Privacidad<\/th><th>Categor\u00eda<\/th><\/tr><tr><td>_ga<\/td><td>HOTEL REGINA<\/td><td>This cookie name is associated with Google Universal Analytics \u2013 which is a significant update to Google\u2019s more commonly used analytics service. This cookie is used to distinguish unique users by assigning a randomly generated number as a client identifier. It is included in each page request in a site and used to calculate visitor, session and campaign data for the sites analytics reports.<\/td><td>Anual<\/td><td><a href=\"https:\/\/www.hotelreginamadrid.com\/es\/politica-de-privacidad\/\"><a href=\"http:\/\/www.google-anlytics.com\/\">www.google-anlytics.com<\/a><\/a><\/td><td>NECESARIA<\/td><\/tr><tr><td>_gid<\/td><td>HOTEL REGINA<\/td><td>This cookie is set by Google Analytics. It stores and update a unique value for each page visited and is used to count and track pageviews.<\/td><td>1 day<\/td><td><a href=\"https:\/\/www.hotelreginamadrid.com\/es\/politica-de-privacidad\/\"><a href=\"http:\/\/www.google-anlytics.com\/\">www.google-anlytics.com<\/a><\/a><\/td><td>NECESARIA<\/td><\/tr><tr><td>_ga_M2E00SVSV6<\/td><td>HOTEL REGINA<\/td><td>This cookie is used by Google Analytics to persist session state.<\/td><td>Anual<\/td><td><a href=\"https:\/\/www.hotelreginamadrid.com\/es\/politica-de-privacidad\/\"><a href=\"http:\/\/www.google-anlytics.com\/\">www.google-anlytics.com<\/a><\/a><\/td><td>NECESARIA<\/td><\/tr><tr><td>qtrans_front_language<\/td><td>HOTEL REGINA<\/td><td>Language preference storage<\/td><td>Anual<\/td><td><a href=\"https:\/\/www.hotelreginamadrid.com\/es\/politica-de-privacidad\/\">hotelreginamadrid.com<\/a><\/td><td>NECESARIA<\/td><\/tr><\/tbody><\/table><\/figure>\n\n\n\n<h3 class=\"wp-block-heading\">Cookies de terceros<\/h3>\n\n\n\n<p>A continuaci\u00f3n incluimos un listado de las cookies que recabamos de terceros y cuya finalidad es a nivel estrat\u00e9gico y de experiencia de usuario, no siendo ninguna de ellas funcional y por tanto no necesarias para la correcta navegaci\u00f3n o funcionalidad de la p\u00e1gina web.<\/p>\n\n\n\n<figure class=\"wp-block-table\"><table><tbody><tr><th>Nombre de la cookie<\/th><th>TITULAR<\/th><th>Finalidad<\/th><th>Temporalidad<\/th><th>Pol\u00edtica Privacidad<\/th><th>CATEGOR\u00cdA<\/th><\/tr><tr><td>bassist-session-uuid<\/td><td>HOTEL REGINA<\/td><td>Inicio de sesi\u00f3n<\/td><td>Session<\/td><td><a href=\"http:\/\/www.google-anlytics.com\/\"><a href=\"https:\/\/www.hotelreginamadrid.com\/es\/politica-de-privacidad\/\">hotelreginamadrid.com<\/a><\/a><\/td><td>RENDIMIENTO<\/td><\/tr><tr><td><br>bassist-user-uuid<\/td><td>HOTEL REGINA<\/td><td>Inicio de sesi\u00f3n<\/td><td>Anual<\/td><td><a href=\"https:\/\/www.hotelreginamadrid.com\/es\/politica-de-privacidad\/\">hotelreginamadrid.com<\/a><\/td><td>RENDIMIENTO<\/td><\/tr><tr><td>_gcl_au<\/td><td>HOTEL REGINA<\/td><td>Used by Google AdSense for experimenting with advertisement efficiency across websites using their services<\/td><td>3 months<\/td><td><a href=\"https:\/\/www.hotelreginamadrid.com\/es\/politica-de-privacidad\/\"><\/a><a href=\"http:\/\/www.google-anlytics.com\/\">www.google-anlytics.com<\/a><\/td><td>SEGMENTACI\u00d3N<\/td><\/tr><tr><td>_gat_gtag_UA_18443567_1<\/td><td>HOTEL REGINA<\/td><td>This cookie is part of Google Analytics and is used to limit requests (throttle request rate).<\/td><td>1 minute<\/td><td><a href=\"http:\/\/www.google-anlytics.com\/\"><br>www.google-anlytics.com<\/a><\/td><td>SEGMENTACI\u00d3N<\/td><\/tr><\/tbody><\/table><\/figure>\n\n\n\n<p>Al navegar por <a href=\"https:\/\/www.hotelreginamadrid.com\/\" data-type=\"URL\" data-id=\"https:\/\/www.hotelreginamadrid.com\/\">hotelreginamadrid.com<\/a>, es posible que tu dispositivo o navegador reciba cookies de terceros, por ejemplo, al acceder a contenido insertado o enlaces a redes sociales. Vale la pena recordar que nosotros no tenemos acceso a, ni controlamos, las cookies utilizadas por estas empresas ni por las p\u00e1ginas web de terceros. Te recomendamos que visites las correspondientes p\u00e1ginas web de terceros para obtener m\u00e1s informaci\u00f3n sobre las cookies y la forma de administrarlas.<\/p>\n\n\n\n<h2 class=\"wp-block-heading\">Desactivar las cookies<\/h2>\n\n\n\n<p>Puedes configurar tu navegador de forma que rechace todas o algunas de las cookies, o bien para que te avise cuando las p\u00e1ginas web instalen o accedan a las cookies. Ten en cuenta que, si optas por deshabilitar o rechazar las cookies, determinadas secciones de este sitio web podr\u00edan no funcionar correctamente o ser inaccesibles para ti.<\/p>\n\n\n\n<p>En caso que no consintieras el tratamiento de dicha informaci\u00f3n puedes modificar la configuraci\u00f3n de tu navegador web. A continuaci\u00f3n te detallamos una lista con enlaces para cada tipo de navegador.<\/p>\n\n\n\n<ul class=\"wp-block-list\">\n<li><a href=\"http:\/\/support.google.com\/chrome\/bin\/answer.py?hl=es&amp;answer=95647\">Configurar cookies en Google Chrome<\/a><\/li>\n\n\n\n<li><a href=\"https:\/\/privacy.microsoft.com\/es-ES\/windows-10-microsoft-edge-and-privacy\">Configurar cookies en Microsoft Edge<\/a><\/li>\n\n\n\n<li><a href=\"https:\/\/support.microsoft.com\/es-es\/help\/17442\/windows-internet-explorer-delete-manage-cookies#ie=ie-11\">Configurar cookies en Microsoft Internet Explorer<\/a><\/li>\n\n\n\n<li><a href=\"http:\/\/support.mozilla.org\/es\/kb\/habilitar-y-deshabilitar-cookies-que-los-sitios-we\">Configurar cookies en Mozilla Firefox<\/a><\/li>\n\n\n\n<li><a href=\"http:\/\/www.apple.com\/es\/privacy\/use-of-cookies\/\">Configurar cookies en Safari (Apple)<\/a><\/li>\n\n\n\n<li><a href=\"http:\/\/help.opera.com\/Windows\/10.60\/es-ES\/cookies.html\">Configurar cookies en Opera<\/a><\/li>\n<\/ul>\n\n\n\n<p>En relaci\u00f3n a los dispositivos m\u00f3viles, aqu\u00ed te dejamos m\u00e1s informaci\u00f3n.<\/p>\n\n\n\n<ul class=\"wp-block-list\">\n<li><strong>Para Android:<\/strong>&nbsp;Men\u00fa &gt; M\u00e1s &gt; Ajustes &gt; Ajustes de privacidad.<\/li>\n\n\n\n<li><strong>Para Safari iOS:<\/strong>&nbsp;<a href=\"https:\/\/support.apple.com\/es-es\/HT201265\">Configurar cookies en Safari (iOS)<\/a><\/li>\n\n\n\n<li><strong>Para Blackberry:<\/strong>&nbsp;Home &gt; Browser &gt; Options &gt; Privacy &amp; Security: clear the Accept Cookies &gt; Save<\/li>\n\n\n\n<li><strong>Para Windows Phone:<\/strong>&nbsp;<a href=\"https:\/\/support.microsoft.com\/es-es\/help\/10635\/windows-phone-change-privacy-and-other-browser-settings\">Configurar Windows Phone<\/a><\/li>\n<\/ul>\n\n\n\n<p>Para cualquier duda, aclaraci\u00f3n y\/o sugerencia al respecto de las cookies, puedes ponerte en contacto con nosotros a traves de nuestro correo electr\u00f3nico:&nbsp;<a href=\"mailto:info@hotelreginamadrid.com\">info@hotelreginamadrid.com<\/a><\/p>\n\n\n\n<p>La informaci\u00f3n proporcionada puede sufrir modificaciones debidas a actualizaciones o cambios en la pol\u00edtica de tratamiento de cookies.<\/p>","protected":false},"excerpt":{"rendered":"What are the cookies? Cookies are a tool that we use (us and any person\/company that operates on the Internet) for advertising purposes. But that is only one of the reasons for using cookies, which are generally quite clever. Las cookies ayudan a que hotelreginamadrid.com funcione mejor, adem\u00e1s de resultar muy \u00fatiles para facilitar, desde&#8230;","protected":false},"author":1,"featured_media":0,"parent":0,"menu_order":12,"comment_status":"closed","ping_status":"closed","template":"","meta":{"footnotes":""},"class_list":["post-1928","page","type-page","status-publish","hentry"],"acf":[],"yoast_head":"<!-- This site is optimized with the Yoast SEO plugin v25.3 - https:\/\/yoast.com\/wordpress\/plugins\/seo\/ -->\n<title>Cookie policy - Hotel Regina<\/title>\n<meta name=\"robots\" content=\"index, follow, max-snippet:-1, max-image-preview:large, max-video-preview:-1\" \/>\n<link rel=\"canonical\" href=\"https:\/\/www.hotelreginamadrid.com\/en\/cookies-policy\/\" \/>\n<meta property=\"og:locale\" content=\"en_US\" \/>\n<meta property=\"og:type\" content=\"article\" \/>\n<meta property=\"og:title\" content=\"Cookie policy - Hotel Regina\" \/>\n<meta property=\"og:description\" content=\"What are the cookies? Cookies are a tool that we use (us and any person\/company that operates on the Internet) for advertising purposes. But that is only one of the reasons for using cookies, which are generally quite clever. Las cookies ayudan a que hotelreginamadrid.com funcione mejor, adem\u00e1s de resultar muy \u00fatiles para facilitar, desde...\" \/>\n<meta property=\"og:url\" content=\"https:\/\/www.hotelreginamadrid.com\/en\/cookies-policy\/\" \/>\n<meta property=\"og:site_name\" content=\"Hotel Regina\" \/>\n<meta property=\"article:modified_time\" content=\"2024-03-11T11:18:09+00:00\" \/>\n<meta name=\"twitter:card\" content=\"summary_large_image\" \/>\n<meta name=\"twitter:label1\" content=\"Est. reading time\" \/>\n\t<meta name=\"twitter:data1\" content=\"4 minutes\" \/>\n<script type=\"application\/ld+json\" class=\"yoast-schema-graph\">{\"@context\":\"https:\/\/schema.org\",\"@graph\":[{\"@type\":\"WebPage\",\"@id\":\"https:\/\/www.hotelreginamadrid.com\/en\/cookies-policy\/\",\"url\":\"https:\/\/www.hotelreginamadrid.com\/en\/cookies-policy\/\",\"name\":\"Cookie policy - Hotel Regina\",\"isPartOf\":{\"@id\":\"https:\/\/www.hotelreginamadrid.com\/en\/#website\"},\"datePublished\":\"2022-04-04T11:48:59+00:00\",\"dateModified\":\"2024-03-11T11:18:09+00:00\",\"breadcrumb\":{\"@id\":\"https:\/\/www.hotelreginamadrid.com\/en\/cookies-policy\/#breadcrumb\"},\"inLanguage\":\"en-US\",\"potentialAction\":[{\"@type\":\"ReadAction\",\"target\":[[\"https:\/\/www.hotelreginamadrid.com\/en\/cookies-policy\/\"]]}]},{\"@type\":\"BreadcrumbList\",\"@id\":\"https:\/\/www.hotelreginamadrid.com\/en\/cookies-policy\/#breadcrumb\",\"itemListElement\":[{\"@type\":\"ListItem\",\"position\":1,\"name\":\"Portada\",\"item\":\"https:\/\/www.hotelreginamadrid.com\/en\/\"},{\"@type\":\"ListItem\",\"position\":2,\"name\":\"Cookie policy\"}]},{\"@type\":\"WebSite\",\"@id\":\"https:\/\/www.hotelreginamadrid.com\/en\/#website\",\"url\":\"https:\/\/www.hotelreginamadrid.com\/en\/\",\"name\":\"Hotel Regina\",\"description\":\"Otro sitio realizado con WordPress\",\"potentialAction\":[{\"@type\":\"SearchAction\",\"target\":{\"@type\":\"EntryPoint\",\"urlTemplate\":\"https:\/\/www.hotelreginamadrid.com\/en\/?s={search_term_string}\"},\"query-input\":{\"@type\":\"PropertyValueSpecification\",\"valueRequired\":true,\"valueName\":\"search_term_string\"}}],\"inLanguage\":\"en-US\"}]}<\/script>\n<!-- \/ Yoast SEO plugin. -->","yoast_head_json":{"title":"Cookie policy - Hotel Regina","robots":{"index":"index","follow":"follow","max-snippet":"max-snippet:-1","max-image-preview":"max-image-preview:large","max-video-preview":"max-video-preview:-1"},"canonical":"https:\/\/www.hotelreginamadrid.com\/en\/cookies-policy\/","og_locale":"en_US","og_type":"article","og_title":"Cookie policy - Hotel Regina","og_description":"What are the cookies? Cookies are a tool that we use (us and any person\/company that operates on the Internet) for advertising purposes. But that is only one of the reasons for using cookies, which are generally quite clever. Las cookies ayudan a que hotelreginamadrid.com funcione mejor, adem\u00e1s de resultar muy \u00fatiles para facilitar, desde...","og_url":"https:\/\/www.hotelreginamadrid.com\/en\/cookies-policy\/","og_site_name":"Hotel Regina","article_modified_time":"2024-03-11T11:18:09+00:00","twitter_card":"summary_large_image","twitter_misc":{"Est. reading time":"4 minutes"},"schema":{"@context":"https:\/\/schema.org","@graph":[{"@type":"WebPage","@id":"https:\/\/www.hotelreginamadrid.com\/en\/cookies-policy\/","url":"https:\/\/www.hotelreginamadrid.com\/en\/cookies-policy\/","name":"Cookie policy - Hotel Regina","isPartOf":{"@id":"https:\/\/www.hotelreginamadrid.com\/en\/#website"},"datePublished":"2022-04-04T11:48:59+00:00","dateModified":"2024-03-11T11:18:09+00:00","breadcrumb":{"@id":"https:\/\/www.hotelreginamadrid.com\/en\/cookies-policy\/#breadcrumb"},"inLanguage":"en-US","potentialAction":[{"@type":"ReadAction","target":[["https:\/\/www.hotelreginamadrid.com\/en\/cookies-policy\/"]]}]},{"@type":"BreadcrumbList","@id":"https:\/\/www.hotelreginamadrid.com\/en\/cookies-policy\/#breadcrumb","itemListElement":[{"@type":"ListItem","position":1,"name":"Portada","item":"https:\/\/www.hotelreginamadrid.com\/en\/"},{"@type":"ListItem","position":2,"name":"Cookie policy"}]},{"@type":"WebSite","@id":"https:\/\/www.hotelreginamadrid.com\/en\/#website","url":"https:\/\/www.hotelreginamadrid.com\/en\/","name":"Hotel Regina","description":"Otro sitio realizado con WordPress","potentialAction":[{"@type":"SearchAction","target":{"@type":"EntryPoint","urlTemplate":"https:\/\/www.hotelreginamadrid.com\/en\/?s={search_term_string}"},"query-input":{"@type":"PropertyValueSpecification","valueRequired":true,"valueName":"search_term_string"}}],"inLanguage":"en-US"}]}},"_links":{"self":[{"href":"https:\/\/www.hotelreginamadrid.com\/en\/wp-json\/wp\/v2\/pages\/1928","targetHints":{"allow":["GET"]}}],"collection":[{"href":"https:\/\/www.hotelreginamadrid.com\/en\/wp-json\/wp\/v2\/pages"}],"about":[{"href":"https:\/\/www.hotelreginamadrid.com\/en\/wp-json\/wp\/v2\/types\/page"}],"author":[{"embeddable":true,"href":"https:\/\/www.hotelreginamadrid.com\/en\/wp-json\/wp\/v2\/users\/1"}],"replies":[{"embeddable":true,"href":"https:\/\/www.hotelreginamadrid.com\/en\/wp-json\/wp\/v2\/comments?post=1928"}],"version-history":[{"count":23,"href":"https:\/\/www.hotelreginamadrid.com\/en\/wp-json\/wp\/v2\/pages\/1928\/revisions"}],"predecessor-version":[{"id":4557,"href":"https:\/\/www.hotelreginamadrid.com\/en\/wp-json\/wp\/v2\/pages\/1928\/revisions\/4557"}],"wp:attachment":[{"href":"https:\/\/www.hotelreginamadrid.com\/en\/wp-json\/wp\/v2\/media?parent=1928"}],"curies":[{"name":"wp","href":"https:\/\/api.w.org\/{rel}","templated":true}]}}